{"id":74,"date":"2025-12-15T13:50:56","date_gmt":"2025-12-15T16:50:56","guid":{"rendered":"http:\/\/imperiobordadosoficial.com.br\/?page_id=74"},"modified":"2025-12-15T17:30:36","modified_gmt":"2025-12-15T20:30:36","slug":"quem-somos","status":"publish","type":"page","link":"https:\/\/imperiobordadosoficial.com.br\/?page_id=74","title":{"rendered":"Quem Somos"},"content":{"rendered":"<nav class=\"is-responsive items-justified-right wp-block-navigation is-content-justification-right is-layout-flex wp-container-core-navigation-is-layout-d445cf74 wp-block-navigation-is-layout-flex\" aria-label=\"Navega\u00e7\u00e3o\" \n\t\t data-wp-interactive=\"core\/navigation\" data-wp-context='{\"overlayOpenedBy\":{\"click\":false,\"hover\":false,\"focus\":false},\"type\":\"overlay\",\"roleAttribute\":\"\",\"ariaLabel\":\"Menu\"}'><button aria-haspopup=\"dialog\" aria-label=\"Open menu\" class=\"wp-block-navigation__responsive-container-open\" \n\t\t\t\tdata-wp-on--click=\"actions.openMenuOnClick\"\n\t\t\t\tdata-wp-on--keydown=\"actions.handleMenuKeydown\"\n\t\t\t><svg width=\"24\" height=\"24\" xmlns=\"http:\/\/www.w3.org\/2000\/svg\" viewBox=\"0 0 24 24\" aria-hidden=\"true\" focusable=\"false\"><path d=\"M4 7.5h16v1.5H4z\"><\/path><path d=\"M4 15h16v1.5H4z\"><\/path><\/svg><\/button>\n\t\t\t\t<div class=\"wp-block-navigation__responsive-container\"  id=\"modal-1\" \n\t\t\t\tdata-wp-class--has-modal-open=\"state.isMenuOpen\"\n\t\t\t\tdata-wp-class--is-menu-open=\"state.isMenuOpen\"\n\t\t\t\tdata-wp-watch=\"callbacks.initMenu\"\n\t\t\t\tdata-wp-on--keydown=\"actions.handleMenuKeydown\"\n\t\t\t\tdata-wp-on--focusout=\"actions.handleMenuFocusout\"\n\t\t\t\ttabindex=\"-1\"\n\t\t\t>\n\t\t\t\t\t<div class=\"wp-block-navigation__responsive-close\" tabindex=\"-1\">\n\t\t\t\t\t\t<div class=\"wp-block-navigation__responsive-dialog\" \n\t\t\t\tdata-wp-bind--aria-modal=\"state.ariaModal\"\n\t\t\t\tdata-wp-bind--aria-label=\"state.ariaLabel\"\n\t\t\t\tdata-wp-bind--role=\"state.roleAttribute\"\n\t\t\t>\n\t\t\t\t\t\t\t<button aria-label=\"Close menu\" class=\"wp-block-navigation__responsive-container-close\" \n\t\t\t\tdata-wp-on--click=\"actions.closeMenuOnClick\"\n\t\t\t><svg xmlns=\"http:\/\/www.w3.org\/2000\/svg\" viewBox=\"0 0 24 24\" width=\"24\" height=\"24\" aria-hidden=\"true\" focusable=\"false\"><path d=\"m13.06 12 6.47-6.47-1.06-1.06L12 10.94 5.53 4.47 4.47 5.53 10.94 12l-6.47 6.47 1.06 1.06L12 13.06l6.47 6.47 1.06-1.06L13.06 12Z\"><\/path><\/svg><\/button>\n\t\t\t\t\t\t\t<div class=\"wp-block-navigation__responsive-container-content\" \n\t\t\t\tdata-wp-watch=\"callbacks.focusFirstElement\"\n\t\t\t id=\"modal-1-content\">\n\t\t\t\t\t\t\t\t<ul class=\"wp-block-navigation__container is-responsive items-justified-right wp-block-navigation\"><li class=\" wp-block-navigation-item wp-block-navigation-link\"><a class=\"wp-block-navigation-item__content\"  href=\"https:\/\/imperiobordadosoficial.com.br\/\"><span class=\"wp-block-navigation-item__label\">In\u00edcio<\/span><\/a><\/li><li class=\" wp-block-navigation-item wp-block-navigation-link\"><a class=\"wp-block-navigation-item__content\"  href=\"https:\/\/imperiobordadosoficial.com.br\/?page_id=74\"><span class=\"wp-block-navigation-item__label\">Quem Somos<\/span><\/a><\/li><li class=\" wp-block-navigation-item wp-block-navigation-link\"><a class=\"wp-block-navigation-item__content\"  href=\"https:\/\/imperiobordadosoficial.com.br\/?page_id=82\"><span class=\"wp-block-navigation-item__label\">Servi\u00e7os<\/span><\/a><\/li><li class=\" wp-block-navigation-item wp-block-navigation-link\"><a class=\"wp-block-navigation-item__content\"  href=\"https:\/\/imperiobordadosoficial.com.br\/?page_id=84\"><span class=\"wp-block-navigation-item__label\">Diferenciais<\/span><\/a><\/li><li class=\" wp-block-navigation-item wp-block-navigation-link\"><a class=\"wp-block-navigation-item__content\"  href=\"https:\/\/imperiobordadosoficial.com.br\/?page_id=86\"><span class=\"wp-block-navigation-item__label\">Contato<\/span><\/a><\/li><\/ul>\n\t\t\t\t\t\t\t<\/div>\n\t\t\t\t\t\t<\/div>\n\t\t\t\t\t<\/div>\n\t\t\t\t<\/div><\/nav>\n\n\n<div class=\"wp-block-cover alignfull wp-duotone-unset-2\"><img data-opt-id=652311836  fetchpriority=\"high\" decoding=\"async\" width=\"1024\" height=\"576\" class=\"wp-block-cover__image-background wp-image-115 size-large\" alt=\"\" src=\"https:\/\/mluu8yesinui.i.optimole.com\/w:1024\/h:576\/q:mauto\/f:best\/http:\/\/imperiobordadosoficial.com.br\/wp-content\/uploads\/2025\/12\/imagem-5-1.png\" data-object-fit=\"cover\" srcset=\"https:\/\/mluu8yesinui.i.optimole.com\/w:1024\/h:576\/q:mauto\/f:best\/https:\/\/imperiobordadosoficial.com.br\/wp-content\/uploads\/2025\/12\/imagem-5-1.png 1024w, https:\/\/mluu8yesinui.i.optimole.com\/w:300\/h:169\/q:mauto\/f:best\/https:\/\/imperiobordadosoficial.com.br\/wp-content\/uploads\/2025\/12\/imagem-5-1.png 300w, https:\/\/mluu8yesinui.i.optimole.com\/w:768\/h:432\/q:mauto\/f:best\/https:\/\/imperiobordadosoficial.com.br\/wp-content\/uploads\/2025\/12\/imagem-5-1.png 768w, https:\/\/mluu8yesinui.i.optimole.com\/w:1536\/h:864\/q:mauto\/f:best\/https:\/\/imperiobordadosoficial.com.br\/wp-content\/uploads\/2025\/12\/imagem-5-1.png 1536w, https:\/\/mluu8yesinui.i.optimole.com\/w:1920\/h:1080\/q:mauto\/f:best\/https:\/\/imperiobordadosoficial.com.br\/wp-content\/uploads\/2025\/12\/imagem-5-1.png 1920w\" sizes=\"(max-width: 1000px) 100vw, 1000px\" \/><span aria-hidden=\"true\" class=\"wp-block-cover__background has-background-dim\" style=\"background-color:#2f3760\"><\/span><div class=\"wp-block-cover__inner-container is-layout-constrained wp-block-cover-is-layout-constrained\">\n<p class=\"has-text-align-center has-large-font-size\">Quem Somos<\/p>\n<\/div><\/div>\n\n\n\n<div style=\"height:49px\" aria-hidden=\"true\" class=\"wp-block-spacer\"><\/div>\n\n\n\n<div class=\"wp-block-columns is-layout-flex wp-container-core-columns-is-layout-28f84493 wp-block-columns-is-layout-flex\">\n<div class=\"wp-block-column is-layout-flow wp-block-column-is-layout-flow\"><\/div>\n\n\n\n<div class=\"wp-block-column is-layout-flow wp-block-column-is-layout-flow\">\n<figure class=\"wp-block-image aligncenter size-full is-resized\"><img data-opt-id=556994983  fetchpriority=\"high\" decoding=\"async\" width=\"512\" height=\"512\" src=\"https:\/\/mluu8yesinui.i.optimole.com\/w:auto\/h:auto\/q:mauto\/f:best\/http:\/\/imperiobordadosoficial.com.br\/wp-content\/uploads\/2025\/12\/mountain.png\" alt=\"\" class=\"wp-image-104\" style=\"width:79px;height:auto\" srcset=\"https:\/\/mluu8yesinui.i.optimole.com\/w:512\/h:512\/q:mauto\/f:best\/https:\/\/imperiobordadosoficial.com.br\/wp-content\/uploads\/2025\/12\/mountain.png 512w, https:\/\/mluu8yesinui.i.optimole.com\/w:300\/h:300\/q:mauto\/f:best\/https:\/\/imperiobordadosoficial.com.br\/wp-content\/uploads\/2025\/12\/mountain.png 300w, https:\/\/mluu8yesinui.i.optimole.com\/w:150\/h:150\/q:mauto\/f:best\/https:\/\/imperiobordadosoficial.com.br\/wp-content\/uploads\/2025\/12\/mountain.png 150w\" sizes=\"(max-width: 512px) 100vw, 512px\" \/><\/figure>\n\n\n\n<h3 class=\"wp-block-heading has-text-align-center\"><strong>Miss\u00e3o<\/strong><\/h3>\n\n\n\n<p>Entregar bordados personalizados com qualidade, precis\u00e3o e rapidez, ajudando empresas e profissionais a fortalecer sua identidade visual.<\/p>\n<\/div>\n\n\n\n<div class=\"wp-block-column is-layout-flow wp-block-column-is-layout-flow\">\n<figure class=\"wp-block-image aligncenter size-full is-resized\"><img data-opt-id=1414587643  data-opt-src=\"https:\/\/mluu8yesinui.i.optimole.com\/w:auto\/h:auto\/q:mauto\/f:best\/http:\/\/imperiobordadosoficial.com.br\/wp-content\/uploads\/2025\/12\/binoculars.png\"  decoding=\"async\" width=\"512\" height=\"512\" src=\"data:image/svg+xml,%3Csvg%20viewBox%3D%220%200%20100%%20100%%22%20width%3D%22100%%22%20height%3D%22100%%22%20xmlns%3D%22http%3A%2F%2Fwww.w3.org%2F2000%2Fsvg%22%3E%3Crect%20width%3D%22100%%22%20height%3D%22100%%22%20fill%3D%22transparent%22%2F%3E%3C%2Fsvg%3E\" alt=\"\" class=\"wp-image-105\" style=\"width:84px;height:auto\" old-srcset=\"https:\/\/mluu8yesinui.i.optimole.com\/w:512\/h:512\/q:mauto\/f:best\/https:\/\/imperiobordadosoficial.com.br\/wp-content\/uploads\/2025\/12\/binoculars.png 512w, https:\/\/mluu8yesinui.i.optimole.com\/w:300\/h:300\/q:mauto\/f:best\/https:\/\/imperiobordadosoficial.com.br\/wp-content\/uploads\/2025\/12\/binoculars.png 300w, https:\/\/mluu8yesinui.i.optimole.com\/w:150\/h:150\/q:mauto\/f:best\/https:\/\/imperiobordadosoficial.com.br\/wp-content\/uploads\/2025\/12\/binoculars.png 150w\" \/><\/figure>\n\n\n\n<h3 class=\"wp-block-heading has-text-align-center\"><strong>Vis\u00e3o<\/strong><\/h3>\n\n\n\n<p>Ser refer\u00eancia em bordados personalizados em Belo Horizonte e regi\u00e3o metropolitana, reconhecida pela excel\u00eancia no atendimento e no acabamento dos produtos.<\/p>\n<\/div>\n\n\n\n<div class=\"wp-block-column is-layout-flow wp-block-column-is-layout-flow\">\n<figure class=\"wp-block-image aligncenter size-full is-resized\"><img data-opt-id=1706177179  data-opt-src=\"https:\/\/mluu8yesinui.i.optimole.com\/w:auto\/h:auto\/q:mauto\/f:best\/http:\/\/imperiobordadosoficial.com.br\/wp-content\/uploads\/2025\/12\/safety.png\"  decoding=\"async\" width=\"512\" height=\"512\" src=\"data:image/svg+xml,%3Csvg%20viewBox%3D%220%200%20100%%20100%%22%20width%3D%22100%%22%20height%3D%22100%%22%20xmlns%3D%22http%3A%2F%2Fwww.w3.org%2F2000%2Fsvg%22%3E%3Crect%20width%3D%22100%%22%20height%3D%22100%%22%20fill%3D%22transparent%22%2F%3E%3C%2Fsvg%3E\" alt=\"\" class=\"wp-image-106\" style=\"width:77px;height:auto\" old-srcset=\"https:\/\/mluu8yesinui.i.optimole.com\/w:512\/h:512\/q:mauto\/f:best\/https:\/\/imperiobordadosoficial.com.br\/wp-content\/uploads\/2025\/12\/safety.png 512w, https:\/\/mluu8yesinui.i.optimole.com\/w:300\/h:300\/q:mauto\/f:best\/https:\/\/imperiobordadosoficial.com.br\/wp-content\/uploads\/2025\/12\/safety.png 300w, https:\/\/mluu8yesinui.i.optimole.com\/w:150\/h:150\/q:mauto\/f:best\/https:\/\/imperiobordadosoficial.com.br\/wp-content\/uploads\/2025\/12\/safety.png 150w\" \/><\/figure>\n\n\n\n<h3 class=\"wp-block-heading has-text-align-center\"><strong>Valores<\/strong><\/h3>\n\n\n\n<p>\u2726 Compromisso com a qualidade<br>\u2726 Agilidade e responsabilidade<br>\u2726 Respeito ao cliente<br>\u2726 Transpar\u00eancia em cada processo<br>\u2726 Criatividade e personaliza\u00e7\u00e3o<br><\/p>\n<\/div>\n\n\n\n<div class=\"wp-block-column is-layout-flow wp-block-column-is-layout-flow\"><\/div>\n<\/div>\n\n\n\n<div style=\"height:50px\" aria-hidden=\"true\" class=\"wp-block-spacer\"><\/div>\n\n\n\n<div class=\"wp-block-columns is-layout-flex wp-container-core-columns-is-layout-28f84493 wp-block-columns-is-layout-flex\">\n<div class=\"wp-block-column is-layout-flow wp-block-column-is-layout-flow\"><\/div>\n\n\n\n<div class=\"wp-block-column is-layout-flow wp-block-column-is-layout-flow\" style=\"flex-basis:50%\">\n<h6 class=\"wp-block-heading has-text-align-center\"><br><br>A Imp\u00e9rio Bordados nasceu com o prop\u00f3sito de oferecer solu\u00e7\u00f5es personalizadas para quem busca profissionalismo, durabilidade e beleza em cada pe\u00e7a. Trabalhamos com carinho e aten\u00e7\u00e3o em cada detalhe, porque entendemos que sua marca precisa ser representada com excel\u00eancia.<\/h6>\n<\/div>\n\n\n\n<div class=\"wp-block-column is-layout-flow wp-block-column-is-layout-flow\" style=\"flex-basis:25%\">\n<figure class=\"wp-block-image alignright size-full\"><img data-opt-id=596136094  data-opt-src=\"https:\/\/mluu8yesinui.i.optimole.com\/w:auto\/h:auto\/q:mauto\/f:best\/http:\/\/imperiobordadosoficial.com.br\/wp-content\/uploads\/2025\/12\/Gemini_Generated_Image_n2yt0mn2yt0mn2yt.png\"  decoding=\"async\" width=\"1024\" height=\"1024\" src=\"data:image/svg+xml,%3Csvg%20viewBox%3D%220%200%20100%%20100%%22%20width%3D%22100%%22%20height%3D%22100%%22%20xmlns%3D%22http%3A%2F%2Fwww.w3.org%2F2000%2Fsvg%22%3E%3Crect%20width%3D%22100%%22%20height%3D%22100%%22%20fill%3D%22transparent%22%2F%3E%3C%2Fsvg%3E\" alt=\"\" class=\"wp-image-77\" old-srcset=\"https:\/\/mluu8yesinui.i.optimole.com\/w:1024\/h:1024\/q:mauto\/f:best\/https:\/\/imperiobordadosoficial.com.br\/wp-content\/uploads\/2025\/12\/Gemini_Generated_Image_n2yt0mn2yt0mn2yt.png 1024w, https:\/\/mluu8yesinui.i.optimole.com\/w:300\/h:300\/q:mauto\/f:best\/https:\/\/imperiobordadosoficial.com.br\/wp-content\/uploads\/2025\/12\/Gemini_Generated_Image_n2yt0mn2yt0mn2yt.png 300w, https:\/\/mluu8yesinui.i.optimole.com\/w:150\/h:150\/q:mauto\/f:best\/https:\/\/imperiobordadosoficial.com.br\/wp-content\/uploads\/2025\/12\/Gemini_Generated_Image_n2yt0mn2yt0mn2yt.png 150w, https:\/\/mluu8yesinui.i.optimole.com\/w:768\/h:768\/q:mauto\/f:best\/https:\/\/imperiobordadosoficial.com.br\/wp-content\/uploads\/2025\/12\/Gemini_Generated_Image_n2yt0mn2yt0mn2yt.png 768w\" \/><\/figure>\n<\/div>\n\n\n\n<div class=\"wp-block-column is-layout-flow wp-block-column-is-layout-flow\"><\/div>\n<\/div>\n\n\n\n<p><\/p>\n","protected":false},"excerpt":{"rendered":"<p>Miss\u00e3o Entregar bordados personalizados com qualidade, precis\u00e3o e rapidez, ajudando empresas e profissionais a fortalecer sua identidade visual. Vis\u00e3o Ser refer\u00eancia em bordados personalizados em Belo Horizonte e regi\u00e3o metropolitana, reconhecida pela excel\u00eancia no atendimento e no acabamento dos produtos. Valores \u2726 Compromisso com a qualidade\u2726 Agilidade e responsabilidade\u2726 Respeito ao cliente\u2726 Transpar\u00eancia em cada [&hellip;]<\/p>\n","protected":false},"author":1,"featured_media":0,"parent":0,"menu_order":2,"comment_status":"closed","ping_status":"closed","template":"","meta":{"footnotes":""},"class_list":["post-74","page","type-page","status-publish","hentry"],"yoast_head":"<!-- This site is optimized with the Yoast SEO plugin v27.4 - https:\/\/yoast.com\/product\/yoast-seo-wordpress\/ -->\n<title>Quem Somos - Imperio Bordados<\/title>\n<meta name=\"robots\" content=\"index, follow, max-snippet:-1, max-image-preview:large, max-video-preview:-1\" \/>\n<link rel=\"canonical\" href=\"https:\/\/imperiobordadosoficial.com.br\/?page_id=74\" \/>\n<meta property=\"og:locale\" content=\"en_US\" \/>\n<meta property=\"og:type\" content=\"article\" \/>\n<meta property=\"og:title\" content=\"Quem Somos - Imperio Bordados\" \/>\n<meta property=\"og:description\" content=\"Miss\u00e3o Entregar bordados personalizados com qualidade, precis\u00e3o e rapidez, ajudando empresas e profissionais a fortalecer sua identidade visual. Vis\u00e3o Ser refer\u00eancia em bordados personalizados em Belo Horizonte e regi\u00e3o metropolitana, reconhecida pela excel\u00eancia no atendimento e no acabamento dos produtos. Valores \u2726 Compromisso com a qualidade\u2726 Agilidade e responsabilidade\u2726 Respeito ao cliente\u2726 Transpar\u00eancia em cada [&hellip;]\" \/>\n<meta property=\"og:url\" content=\"https:\/\/imperiobordadosoficial.com.br\/?page_id=74\" \/>\n<meta property=\"og:site_name\" content=\"Imperio Bordados\" \/>\n<meta property=\"article:modified_time\" content=\"2025-12-15T20:30:36+00:00\" \/>\n<meta property=\"og:image\" content=\"https:\/\/mluu8yesinui.i.optimole.com\/w:1024\/h:576\/q:mauto\/f:best\/http:\/\/imperiobordadosoficial.com.br\/wp-content\/uploads\/2025\/12\/imagem-5-1.png\" \/>\n<meta name=\"twitter:card\" content=\"summary_large_image\" \/>\n<meta name=\"twitter:label1\" content=\"Est. reading time\" \/>\n\t<meta name=\"twitter:data1\" content=\"1 minute\" \/>\n<script type=\"application\/ld+json\" class=\"yoast-schema-graph\">{\"@context\":\"https:\\\/\\\/schema.org\",\"@graph\":[{\"@type\":\"WebPage\",\"@id\":\"https:\\\/\\\/imperiobordadosoficial.com.br\\\/?page_id=74\",\"url\":\"https:\\\/\\\/imperiobordadosoficial.com.br\\\/?page_id=74\",\"name\":\"Quem Somos - Imperio Bordados\",\"isPartOf\":{\"@id\":\"http:\\\/\\\/imperiobordadosoficial.com.br\\\/#website\"},\"primaryImageOfPage\":{\"@id\":\"https:\\\/\\\/imperiobordadosoficial.com.br\\\/?page_id=74#primaryimage\"},\"image\":{\"@id\":\"https:\\\/\\\/imperiobordadosoficial.com.br\\\/?page_id=74#primaryimage\"},\"thumbnailUrl\":\"http:\\/\\/imperiobordadosoficial.com.br\\/wp-content\\/uploads\\/2025\\/12\\/imagem-5-1-1024x576.png\",\"datePublished\":\"2025-12-15T16:50:56+00:00\",\"dateModified\":\"2025-12-15T20:30:36+00:00\",\"breadcrumb\":{\"@id\":\"https:\\\/\\\/imperiobordadosoficial.com.br\\\/?page_id=74#breadcrumb\"},\"inLanguage\":\"en-US\",\"potentialAction\":[{\"@type\":\"ReadAction\",\"target\":[\"https:\\\/\\\/imperiobordadosoficial.com.br\\\/?page_id=74\"]}]},{\"@type\":\"ImageObject\",\"inLanguage\":\"en-US\",\"@id\":\"https:\\\/\\\/imperiobordadosoficial.com.br\\\/?page_id=74#primaryimage\",\"url\":\"https:\\/\\/imperiobordadosoficial.com.br\\/wp-content\\/uploads\\/2025\\/12\\/imagem-5-1.png\",\"contentUrl\":\"https:\\/\\/imperiobordadosoficial.com.br\\/wp-content\\/uploads\\/2025\\/12\\/imagem-5-1.png\",\"width\":1920,\"height\":1080},{\"@type\":\"BreadcrumbList\",\"@id\":\"https:\\\/\\\/imperiobordadosoficial.com.br\\\/?page_id=74#breadcrumb\",\"itemListElement\":[{\"@type\":\"ListItem\",\"position\":1,\"name\":\"In\u00edcio\",\"item\":\"http:\\\/\\\/imperiobordadosoficial.com.br\\\/\"},{\"@type\":\"ListItem\",\"position\":2,\"name\":\"Quem Somos\"}]},{\"@type\":\"WebSite\",\"@id\":\"http:\\\/\\\/imperiobordadosoficial.com.br\\\/#website\",\"url\":\"http:\\\/\\\/imperiobordadosoficial.com.br\\\/\",\"name\":\"Imperio Bordados\",\"description\":\"\",\"publisher\":{\"@id\":\"http:\\\/\\\/imperiobordadosoficial.com.br\\\/#organization\"},\"potentialAction\":[{\"@type\":\"SearchAction\",\"target\":{\"@type\":\"EntryPoint\",\"urlTemplate\":\"http:\\\/\\\/imperiobordadosoficial.com.br\\\/?s={search_term_string}\"},\"query-input\":{\"@type\":\"PropertyValueSpecification\",\"valueRequired\":true,\"valueName\":\"search_term_string\"}}],\"inLanguage\":\"en-US\"},{\"@type\":\"Organization\",\"@id\":\"http:\\\/\\\/imperiobordadosoficial.com.br\\\/#organization\",\"name\":\"Imperio Bordados\",\"url\":\"http:\\\/\\\/imperiobordadosoficial.com.br\\\/\",\"logo\":{\"@type\":\"ImageObject\",\"inLanguage\":\"en-US\",\"@id\":\"http:\\\/\\\/imperiobordadosoficial.com.br\\\/#\\\/schema\\\/logo\\\/image\\\/\",\"url\":\"https:\\/\\/imperiobordadosoficial.com.br\\/wp-content\\/uploads\\/2025\\/12\\/horizontal_Artboard-10.png\",\"contentUrl\":\"https:\\/\\/imperiobordadosoficial.com.br\\/wp-content\\/uploads\\/2025\\/12\\/horizontal_Artboard-10.png\",\"width\":1080,\"height\":478,\"caption\":\"Imperio Bordados\"},\"image\":{\"@id\":\"http:\\\/\\\/imperiobordadosoficial.com.br\\\/#\\\/schema\\\/logo\\\/image\\\/\"}}]}<\/script>\n<!-- \/ Yoast SEO plugin. -->","yoast_head_json":{"title":"Quem Somos - Imperio Bordados","robots":{"index":"index","follow":"follow","max-snippet":"max-snippet:-1","max-image-preview":"max-image-preview:large","max-video-preview":"max-video-preview:-1"},"canonical":"https:\/\/imperiobordadosoficial.com.br\/?page_id=74","og_locale":"en_US","og_type":"article","og_title":"Quem Somos - Imperio Bordados","og_description":"Miss\u00e3o Entregar bordados personalizados com qualidade, precis\u00e3o e rapidez, ajudando empresas e profissionais a fortalecer sua identidade visual. Vis\u00e3o Ser refer\u00eancia em bordados personalizados em Belo Horizonte e regi\u00e3o metropolitana, reconhecida pela excel\u00eancia no atendimento e no acabamento dos produtos. Valores \u2726 Compromisso com a qualidade\u2726 Agilidade e responsabilidade\u2726 Respeito ao cliente\u2726 Transpar\u00eancia em cada [&hellip;]","og_url":"https:\/\/imperiobordadosoficial.com.br\/?page_id=74","og_site_name":"Imperio Bordados","article_modified_time":"2025-12-15T20:30:36+00:00","og_image":[{"url":"https:\/\/mluu8yesinui.i.optimole.com\/w:1024\/h:576\/q:mauto\/f:best\/http:\/\/imperiobordadosoficial.com.br\/wp-content\/uploads\/2025\/12\/imagem-5-1.png","type":"","width":"","height":""}],"twitter_card":"summary_large_image","twitter_misc":{"Est. reading time":"1 minute"},"schema":{"@context":"https:\/\/schema.org","@graph":[{"@type":"WebPage","@id":"https:\/\/imperiobordadosoficial.com.br\/?page_id=74","url":"https:\/\/imperiobordadosoficial.com.br\/?page_id=74","name":"Quem Somos - Imperio Bordados","isPartOf":{"@id":"http:\/\/imperiobordadosoficial.com.br\/#website"},"primaryImageOfPage":{"@id":"https:\/\/imperiobordadosoficial.com.br\/?page_id=74#primaryimage"},"image":{"@id":"https:\/\/imperiobordadosoficial.com.br\/?page_id=74#primaryimage"},"thumbnailUrl":"https:\/\/mluu8yesinui.i.optimole.com\/w:1024\/h:576\/q:mauto\/f:best\/http:\/\/imperiobordadosoficial.com.br\/wp-content\/uploads\/2025\/12\/imagem-5-1.png","datePublished":"2025-12-15T16:50:56+00:00","dateModified":"2025-12-15T20:30:36+00:00","breadcrumb":{"@id":"https:\/\/imperiobordadosoficial.com.br\/?page_id=74#breadcrumb"},"inLanguage":"en-US","potentialAction":[{"@type":"ReadAction","target":["https:\/\/imperiobordadosoficial.com.br\/?page_id=74"]}]},{"@type":"ImageObject","inLanguage":"en-US","@id":"https:\/\/imperiobordadosoficial.com.br\/?page_id=74#primaryimage","url":"https:\/\/mluu8yesinui.i.optimole.com\/w:auto\/h:auto\/q:mauto\/f:best\/https:\/\/imperiobordadosoficial.com.br\/wp-content\/uploads\/2025\/12\/imagem-5-1.png","contentUrl":"https:\/\/mluu8yesinui.i.optimole.com\/w:auto\/h:auto\/q:mauto\/f:best\/https:\/\/imperiobordadosoficial.com.br\/wp-content\/uploads\/2025\/12\/imagem-5-1.png","width":1920,"height":1080},{"@type":"BreadcrumbList","@id":"https:\/\/imperiobordadosoficial.com.br\/?page_id=74#breadcrumb","itemListElement":[{"@type":"ListItem","position":1,"name":"In\u00edcio","item":"http:\/\/imperiobordadosoficial.com.br\/"},{"@type":"ListItem","position":2,"name":"Quem Somos"}]},{"@type":"WebSite","@id":"http:\/\/imperiobordadosoficial.com.br\/#website","url":"http:\/\/imperiobordadosoficial.com.br\/","name":"Imperio Bordados","description":"","publisher":{"@id":"http:\/\/imperiobordadosoficial.com.br\/#organization"},"potentialAction":[{"@type":"SearchAction","target":{"@type":"EntryPoint","urlTemplate":"http:\/\/imperiobordadosoficial.com.br\/?s={search_term_string}"},"query-input":{"@type":"PropertyValueSpecification","valueRequired":true,"valueName":"search_term_string"}}],"inLanguage":"en-US"},{"@type":"Organization","@id":"http:\/\/imperiobordadosoficial.com.br\/#organization","name":"Imperio Bordados","url":"http:\/\/imperiobordadosoficial.com.br\/","logo":{"@type":"ImageObject","inLanguage":"en-US","@id":"http:\/\/imperiobordadosoficial.com.br\/#\/schema\/logo\/image\/","url":"https:\/\/mluu8yesinui.i.optimole.com\/w:auto\/h:auto\/q:mauto\/f:best\/https:\/\/imperiobordadosoficial.com.br\/wp-content\/uploads\/2025\/12\/horizontal_Artboard-10.png","contentUrl":"https:\/\/mluu8yesinui.i.optimole.com\/w:auto\/h:auto\/q:mauto\/f:best\/https:\/\/imperiobordadosoficial.com.br\/wp-content\/uploads\/2025\/12\/horizontal_Artboard-10.png","width":1080,"height":478,"caption":"Imperio Bordados"},"image":{"@id":"http:\/\/imperiobordadosoficial.com.br\/#\/schema\/logo\/image\/"}}]}},"_links":{"self":[{"href":"https:\/\/imperiobordadosoficial.com.br\/index.php?rest_route=\/wp\/v2\/pages\/74","targetHints":{"allow":["GET"]}}],"collection":[{"href":"https:\/\/imperiobordadosoficial.com.br\/index.php?rest_route=\/wp\/v2\/pages"}],"about":[{"href":"https:\/\/imperiobordadosoficial.com.br\/index.php?rest_route=\/wp\/v2\/types\/page"}],"author":[{"embeddable":true,"href":"https:\/\/imperiobordadosoficial.com.br\/index.php?rest_route=\/wp\/v2\/users\/1"}],"replies":[{"embeddable":true,"href":"https:\/\/imperiobordadosoficial.com.br\/index.php?rest_route=%2Fwp%2Fv2%2Fcomments&post=74"}],"version-history":[{"count":9,"href":"https:\/\/imperiobordadosoficial.com.br\/index.php?rest_route=\/wp\/v2\/pages\/74\/revisions"}],"predecessor-version":[{"id":186,"href":"https:\/\/imperiobordadosoficial.com.br\/index.php?rest_route=\/wp\/v2\/pages\/74\/revisions\/186"}],"wp:attachment":[{"href":"https:\/\/imperiobordadosoficial.com.br\/index.php?rest_route=%2Fwp%2Fv2%2Fmedia&parent=74"}],"curies":[{"name":"wp","href":"https:\/\/api.w.org\/{rel}","templated":true}]}}